{"id":645,"date":"2013-06-27T12:58:37","date_gmt":"2013-06-27T12:58:37","guid":{"rendered":"http:\/\/www.os-apartmani.hr\/?page_id=645"},"modified":"2023-03-17T14:59:54","modified_gmt":"2023-03-17T14:59:54","slug":"osijek-2","status":"publish","type":"page","link":"https:\/\/www.os-apartmani.hr\/en\/osijek-2\/","title":{"rendered":"Osijek"},"content":{"rendered":"<p><a href=\"https:\/\/nycescortmodels.com\/\">nycescortmodels.com<\/a><\/p>\n<p>Osijek is a city in eastern Croatia. Located in a valley on the right bank of the river Drava between 16 th and 24 th kilometer of the mouth of the Danube. It is the largest city in Slavonia, the fourth largest city in Croatia, and the seat of the Osijek-Baranja County. The city is the industrial, administrative, judicial and cultural center.<\/p>\n<p>Within the city of Osijek, 11 villages (as of 2006), they are: Elm, Brije\u0161\u0107e, Josipovac, Klis Nemetin, Osijek, Podravlje, Sarvas, Tenje Tvr\u0111avica, Visnjevac.<\/p>\n","protected":false},"excerpt":{"rendered":"<p>nycescortmodels.com Osijek is a city in eastern Croatia. Located in a valley on the right bank of the river Drava between 16 th and 24 th kilometer of the mouth of the Danube. It is the largest city in Slavonia, &hellip; <a href=\"https:\/\/www.os-apartmani.hr\/en\/osijek-2\/\">Continue reading <span class=\"meta-nav\">&rarr;<\/span><\/a><\/p>\n","protected":false},"author":1,"featured_media":0,"parent":0,"menu_order":0,"comment_status":"open","ping_status":"open","template":"page_osijek.php","meta":[],"_links":{"self":[{"href":"https:\/\/www.os-apartmani.hr\/en\/wp-json\/wp\/v2\/pages\/645"}],"collection":[{"href":"https:\/\/www.os-apartmani.hr\/en\/wp-json\/wp\/v2\/pages"}],"about":[{"href":"https:\/\/www.os-apartmani.hr\/en\/wp-json\/wp\/v2\/types\/page"}],"author":[{"embeddable":true,"href":"https:\/\/www.os-apartmani.hr\/en\/wp-json\/wp\/v2\/users\/1"}],"replies":[{"embeddable":true,"href":"https:\/\/www.os-apartmani.hr\/en\/wp-json\/wp\/v2\/comments?post=645"}],"version-history":[{"count":3,"href":"https:\/\/www.os-apartmani.hr\/en\/wp-json\/wp\/v2\/pages\/645\/revisions"}],"predecessor-version":[{"id":1868,"href":"https:\/\/www.os-apartmani.hr\/en\/wp-json\/wp\/v2\/pages\/645\/revisions\/1868"}],"wp:attachment":[{"href":"https:\/\/www.os-apartmani.hr\/en\/wp-json\/wp\/v2\/media?parent=645"}],"curies":[{"name":"wp","href":"https:\/\/api.w.org\/{rel}","templated":true}]}}